{"id":83,"date":"2025-12-27T15:02:43","date_gmt":"2025-12-27T15:02:43","guid":{"rendered":"http:\/\/orgiotoanahtar.com.tr\/?page_id=83"},"modified":"2025-12-29T07:47:56","modified_gmt":"2025-12-29T07:47:56","slug":"giresun-oto-cilingir-2","status":"publish","type":"page","link":"https:\/\/orgiotoanahtar.com.tr\/?page_id=83","title":{"rendered":"Ordu Oto Anahtar"},"content":{"rendered":"\n<h3 class=\"wp-block-heading\">OTO \u00c7\u0130L\u0130NG\u0130R<\/h3>\n\n\n\n<p>Oto \u00e7ilingir servisimiz, ara\u00e7 kap\u0131 kilit sorunlar\u0131na an\u0131nda \u00e7\u00f6z\u00fcm sunarak 7\/24 profesyonel hizmet sa\u011flamaktad\u0131r. G\u00fcvenilir ve h\u0131zl\u0131 m\u00fcdahale garantisi veriyoruz.<\/p>\n\n\n\n<figure class=\"wp-block-image is-resized\"><img loading=\"lazy\" decoding=\"async\" width=\"512\" height=\"259\" src=\"http:\/\/orgiotoanahtar.com.tr\/wp-content\/uploads\/2025\/12\/unnamed.jpg\" alt=\"\" class=\"wp-image-81\" style=\"width:748px;height:auto\" srcset=\"https:\/\/orgiotoanahtar.com.tr\/wp-content\/uploads\/2025\/12\/unnamed.jpg 512w, https:\/\/orgiotoanahtar.com.tr\/wp-content\/uploads\/2025\/12\/unnamed-300x152.jpg 300w\" sizes=\"auto, (max-width: 512px) 100vw, 512px\" \/><\/figure>\n\n\n\n<p><a href=\"http:\/\/orgiotoanahtar.com.tr\/?p=64\" target=\"_blank\" rel=\"noreferrer noopener\">Hizmet Detay\u0131<\/a>&nbsp;<a href=\"tel:05067022034\" target=\"_blank\" rel=\"noreferrer noopener\">0506 702 20 34<\/a><\/p>\n\n\n\n<h3 class=\"wp-block-heading\">OTO ANAHTARCI<\/h3>\n\n\n\n<p>Oto anahtarc\u0131 hizmetimiz, ara\u00e7 anahtar kopyalama, onar\u0131m ve kaybolan anahtarlar i\u00e7in 7\/24 g\u00fcvenilir \u00e7\u00f6z\u00fcmler sunmaktad\u0131r. H\u0131zl\u0131 ve profesyonel hizmet alabilirsiniz.<\/p>\n\n\n\n<p><a href=\"http:\/\/orgiotoanahtar.com.tr\/?p=64\" target=\"_blank\" rel=\"noreferrer noopener\">Hizmet Detay\u0131<\/a>&nbsp;<a href=\"tel:05067022034\" target=\"_blank\" rel=\"noreferrer noopener\">0506 702 20 34<\/a><\/p>\n\n\n\n<figure class=\"wp-block-image is-resized\"><img decoding=\"async\" src=\"https:\/\/www.otocilingirservisi.com.tr\/wp-content\/uploads\/2024\/10\/oto-kilitci-1-976x1300.jpg\" alt=\"\" class=\"wp-image-2014\" style=\"aspect-ratio:0.7507750747144094;width:749px;height:auto\"\/><\/figure>\n\n\n\n<h3 class=\"wp-block-heading\">OTO K\u0130L\u0130T\u00c7\u0130<\/h3>\n\n\n\n<p>Oto kilit\u00e7i hizmetimiz, ara\u00e7 kap\u0131lar\u0131ndaki kilit sorunlar\u0131n\u0131 h\u0131zl\u0131 ve g\u00fcvenilir bir \u015fekilde \u00e7\u00f6zerek 7\/24 hizmet sunmaktad\u0131r. Profesyonel ekibimizle yan\u0131n\u0131zday\u0131z.<\/p>\n\n\n\n<p><a href=\"http:\/\/orgiotoanahtar.com.tr\/?p=69\" target=\"_blank\" rel=\"noreferrer noopener\">Hizmet Detay\u0131<\/a>&nbsp;<a href=\"tel:05067022034\" target=\"_blank\" rel=\"noreferrer noopener\">0506 702 20 34<\/a><\/p>\n\n\n\n<figure class=\"wp-block-image is-resized\"><img decoding=\"async\" src=\"https:\/\/www.otocilingirservisi.com.tr\/wp-content\/uploads\/2024\/10\/oto-kayip-anahtar.jpg\" alt=\"\" class=\"wp-image-2016\" style=\"aspect-ratio:0.7507750747144094;width:773px;height:auto\"\/><\/figure>\n\n\n\n<h3 class=\"wp-block-heading\">OTO KAYIP ANAHTAR<\/h3>\n\n\n\n<p>Oto kay\u0131p anahtar hizmetimiz, kaybolan ara\u00e7 anahtarlar\u0131n\u0131z\u0131 h\u0131zl\u0131 ve g\u00fcvenilir bir \u015fekilde yeniden \u00fcretmektedir. 7\/24 profesyonel destek sunuyoruz.<\/p>\n\n\n\n<p><a href=\"http:\/\/orgiotoanahtar.com.tr\/?p=69\" target=\"_blank\" rel=\"noreferrer noopener\">Hizmet Detay\u0131<\/a>&nbsp;<a href=\"tel:05067022034\" target=\"_blank\" rel=\"noreferrer noopener\">0506 702 20 34<\/a><\/p>\n\n\n\n<figure class=\"wp-block-image is-resized\"><img decoding=\"async\" src=\"https:\/\/www.otocilingirservisi.com.tr\/wp-content\/uploads\/2024\/10\/oto-yedek-anahtar-976x1300.jpg\" alt=\"\" class=\"wp-image-1888\" style=\"aspect-ratio:0.7507750747144094;width:735px;height:auto\"\/><\/figure>\n\n\n\n<h3 class=\"wp-block-heading\">OTO YEDEK ANAHTAR<\/h3>\n\n\n\n<p>Oto yedek anahtar hizmetimiz, her marka ara\u00e7 i\u00e7in g\u00fcvenilir ve h\u0131zl\u0131 anahtar kopyalama \u00e7\u00f6z\u00fcmleri sunmaktad\u0131r. 7\/24 profesyonel hizmet alabilirsiniz.<\/p>\n\n\n\n<p><a href=\"https:\/\/www.otocilingirservisi.com.tr\/oto-yedek-anahtar.html\" target=\"_blank\" rel=\"noreferrer noopener\">Hizmet Detay\u0131<\/a>&nbsp;<a href=\"tel:05067022034\" target=\"_blank\" rel=\"noreferrer noopener\">0506 702 20 34<\/a><\/p>\n\n\n\n<h3 class=\"wp-block-heading\">OTO KONTAK TAM\u0130R\u0130<\/h3>\n\n\n\n<p>Oto kontak tamiri hizmetimiz, arac\u0131n\u0131zdaki kontak sorunlar\u0131n\u0131 h\u0131zl\u0131 ve g\u00fcvenilir bir \u015fekilde \u00e7\u00f6zerek, sorunsuz bir s\u00fcr\u00fc\u015f deneyimi sa\u011flar. 7\/24 destek sunuyoruz.<\/p>\n\n\n\n<figure class=\"wp-block-image is-resized\"><img loading=\"lazy\" decoding=\"async\" width=\"512\" height=\"318\" src=\"http:\/\/orgiotoanahtar.com.tr\/wp-content\/uploads\/2025\/12\/unnamed-1.jpg\" alt=\"\" class=\"wp-image-80\" style=\"width:745px;height:auto\" srcset=\"https:\/\/orgiotoanahtar.com.tr\/wp-content\/uploads\/2025\/12\/unnamed-1.jpg 512w, https:\/\/orgiotoanahtar.com.tr\/wp-content\/uploads\/2025\/12\/unnamed-1-300x186.jpg 300w\" sizes=\"auto, (max-width: 512px) 100vw, 512px\" \/><\/figure>\n\n\n\n<p><a href=\"https:\/\/www.otocilingirservisi.com.tr\/oto-kontak-tamiri.html\" target=\"_blank\" rel=\"noreferrer noopener\">Hizmet Detay\u0131<\/a>&nbsp;<a href=\"tel:0553%20773%2093%2093\" target=\"_blank\" rel=\"noreferrer noopener\">0553 773 93 93<\/a><\/p>\n\n\n\n<h3 class=\"wp-block-heading\">OTO EM\u00dcLAT\u00d6R<\/h3>\n\n\n\n<p>Oto em\u00fclat\u00f6r hizmetimiz, ara\u00e7lar\u0131n g\u00fcvenlik sistemlerini onar\u0131p optimize ederek, performanslar\u0131n\u0131 art\u0131r\u0131r. G\u00fcvenilir ve h\u0131zl\u0131 \u00e7\u00f6z\u00fcmlerle 7\/24 yan\u0131n\u0131zday\u0131z.<\/p>\n\n\n\n<p><a href=\"https:\/\/www.otocilingirservisi.com.tr\/oto-emulator.html\" target=\"_blank\" rel=\"noreferrer noopener\">Hizmet Detay\u0131<\/a>&nbsp;<a href=\"tel:0553%20773%2093%2093\" target=\"_blank\" rel=\"noreferrer noopener\">0553 773 93 93<\/a><\/p>\n\n\n\n<h3 class=\"wp-block-heading\">OTO \u0130MMOB\u0130L\u0130ZER<\/h3>\n\n\n\n<figure class=\"wp-block-image is-resized\"><img loading=\"lazy\" decoding=\"async\" width=\"270\" height=\"187\" src=\"http:\/\/orgiotoanahtar.com.tr\/wp-content\/uploads\/2025\/12\/images-1.jpg\" alt=\"\" class=\"wp-image-74\" style=\"aspect-ratio:1.4439024390243902;width:769px;height:auto\"\/><\/figure>\n\n\n\n<p>Oto immobilizer hizmetimiz, ara\u00e7 g\u00fcvenli\u011finizi sa\u011flamak i\u00e7in g\u00fcvenilir ve h\u0131zl\u0131 \u00e7\u00f6z\u00fcmler sunarak, anahtar sistemlerinizi onar\u0131r veya yeniden programlar.<\/p>\n\n\n\n<p><a href=\"https:\/\/www.otocilingirservisi.com.tr\/oto-immobilizer.html\" target=\"_blank\" rel=\"noreferrer noopener\">Hizmet Detay\u0131<\/a>&nbsp;<a href=\"tel:0553%20773%2093%2093\" target=\"_blank\" rel=\"noreferrer noopener\">0553 773 93 93<\/a><\/p>\n\n\n\n<h3 class=\"wp-block-heading\">OTO KUMANDA TAM\u0130R\u0130<\/h3>\n\n\n\n<p>Oto kumanda tamiri hizmetimiz, arac\u0131n\u0131zdaki uzaktan kumanda sorunlar\u0131n\u0131 h\u0131zl\u0131 ve g\u00fcvenilir bir \u015fekilde \u00e7\u00f6zerek, konforlu bir s\u00fcr\u00fc\u015f deneyimi sa\u011flar.<\/p>\n\n\n\n<p><a href=\"https:\/\/www.otocilingirservisi.com.tr\/oto-kumanda-tamiri.html\" target=\"_blank\" rel=\"noreferrer noopener\">Hizmet Detay\u0131<\/a>&nbsp;<a href=\"tel:0553%20773%2093%2093\" target=\"_blank\" rel=\"noreferrer noopener\">0553 773 93 93<\/a><\/p>\n\n\n\n<h3 class=\"wp-block-heading\">ARABA \u00c7\u0130L\u0130NG\u0130R<\/h3>\n\n\n\n<figure class=\"wp-block-image is-resized\"><img loading=\"lazy\" decoding=\"async\" width=\"1024\" height=\"683\" src=\"http:\/\/orgiotoanahtar.com.tr\/wp-content\/uploads\/2025\/12\/cilingir02-2-1024x683.png\" alt=\"\" class=\"wp-image-73\" style=\"aspect-ratio:1.499330655957162;width:790px;height:auto\" srcset=\"https:\/\/orgiotoanahtar.com.tr\/wp-content\/uploads\/2025\/12\/cilingir02-2-1024x683.png 1024w, https:\/\/orgiotoanahtar.com.tr\/wp-content\/uploads\/2025\/12\/cilingir02-2-300x200.png 300w, https:\/\/orgiotoanahtar.com.tr\/wp-content\/uploads\/2025\/12\/cilingir02-2-768x512.png 768w, https:\/\/orgiotoanahtar.com.tr\/wp-content\/uploads\/2025\/12\/cilingir02-2.png 1140w\" sizes=\"auto, (max-width: 1024px) 100vw, 1024px\" \/><\/figure>\n\n\n\n<p>Araba \u00e7ilingir hizmetimiz, ara\u00e7 kilit sorunlar\u0131na an\u0131nda \u00e7\u00f6z\u00fcm sunarak kap\u0131 a\u00e7ma, anahtar kopyalama ve kilit de\u011fi\u015fimi i\u015flemlerini 7\/24 ger\u00e7ekle\u015ftirir.<\/p>\n\n\n\n<p><a href=\"https:\/\/www.otocilingirservisi.com.tr\/araba-cilingir.html\" target=\"_blank\" rel=\"noreferrer noopener\">Hizmet Detay\u0131<\/a>&nbsp;<a href=\"tel:0553%20773%2093%2093\" target=\"_blank\" rel=\"noreferrer noopener\">0553 773 93 93<\/a><\/p>\n\n\n\n<h3 class=\"wp-block-heading\">ARABA ANAHTARCISI<\/h3>\n\n\n\n<figure class=\"wp-block-image is-resized\"><img loading=\"lazy\" decoding=\"async\" width=\"512\" height=\"318\" src=\"http:\/\/orgiotoanahtar.com.tr\/wp-content\/uploads\/2025\/12\/unnamed-1.jpg\" alt=\"\" class=\"wp-image-80\" style=\"width:795px;height:auto\" srcset=\"https:\/\/orgiotoanahtar.com.tr\/wp-content\/uploads\/2025\/12\/unnamed-1.jpg 512w, https:\/\/orgiotoanahtar.com.tr\/wp-content\/uploads\/2025\/12\/unnamed-1-300x186.jpg 300w\" sizes=\"auto, (max-width: 512px) 100vw, 512px\" \/><\/figure>\n\n\n\n<p>Araba anahtarc\u0131s\u0131 hizmetimiz, kaybolan veya hasar g\u00f6ren anahtarlar\u0131n\u0131z\u0131 h\u0131zl\u0131 bir \u015fekilde yeniden \u00fcretir. Her marka araca uygun \u00e7\u00f6z\u00fcmler sunarak, 7\/24 hizmet veriyoruz.<\/p>\n\n\n\n<p><a href=\"https:\/\/www.otocilingirservisi.com.tr\/araba-anahtarcisi.html\" target=\"_blank\" rel=\"noreferrer noopener\">Hizmet Detay\u0131<\/a>&nbsp;<a href=\"tel:0553%20773%2093%2093\" target=\"_blank\" rel=\"noreferrer noopener\">0553 773 93 93<\/a><\/p>\n\n\n\n<h3 class=\"wp-block-heading\">EN YAKIN OTO \u00c7\u0130L\u0130NG\u0130R<\/h3>\n\n\n\n<figure class=\"wp-block-image is-resized\"><img loading=\"lazy\" decoding=\"async\" width=\"275\" height=\"183\" src=\"http:\/\/orgiotoanahtar.com.tr\/wp-content\/uploads\/2025\/12\/images-3.jpg\" alt=\"\" class=\"wp-image-76\" style=\"width:806px;height:auto\"\/><\/figure>\n\n\n\n<p>En yak\u0131n oto \u00e7ilingir hizmetimiz, arac\u0131n\u0131z\u0131n anahtar sorunlar\u0131n\u0131 h\u0131zl\u0131 bir \u015fekilde \u00e7\u00f6zmek i\u00e7in 7\/24 ula\u015fabilece\u011finiz g\u00fcvenilir bir destek sunmaktad\u0131r.<\/p>\n\n\n\n<p><a href=\"http:\/\/orgiotoanahtar.com.tr\/\" target=\"_blank\" rel=\"noreferrer noopener\">Hizmet Detay\u0131<\/a>&nbsp;<a href=\"tel:05067022034\" target=\"_blank\" rel=\"noreferrer noopener\">0506 702 20 34<\/a><\/p>\n\n\n\n<p><a href=\"http:\/\/orgiotoanahtar.com.tr\/\">H\u0130ZMET B\u00d6LGELER\u0130M\u0130Z\u0130N TAMAMI<\/a><\/p>\n\n\n\n<p><\/p>\n","protected":false},"excerpt":{"rendered":"<p>OTO \u00c7\u0130L\u0130NG\u0130R Oto \u00e7ilingir servisimiz, ara\u00e7 kap\u0131 kilit sorunlar\u0131na an\u0131nda \u00e7\u00f6z\u00fcm sunarak 7\/24 profesyonel hizmet sa\u011flamaktad\u0131r. G\u00fcvenilir ve h\u0131zl\u0131 m\u00fcdahale garantisi veriyoruz. Hizmet Detay\u0131&nbsp;0506 702 20 34 OTO ANAHTARCI Oto anahtarc\u0131 hizmetimiz, ara\u00e7 anahtar kopyalama, onar\u0131m ve kaybolan anahtarlar i\u00e7in 7\/24 g\u00fcvenilir \u00e7\u00f6z\u00fcmler sunmaktad\u0131r. H\u0131zl\u0131 ve profesyonel hizmet alabilirsiniz. Hizmet Detay\u0131&nbsp;0506 702 20 34 OTO [&hellip;]<\/p>\n","protected":false},"author":1,"featured_media":0,"parent":0,"menu_order":0,"comment_status":"closed","ping_status":"closed","template":"","meta":{"footnotes":""},"class_list":["post-83","page","type-page","status-publish","hentry"],"yoast_head":"<!-- This site is optimized with the Yoast SEO plugin v27.2 - https:\/\/yoast.com\/product\/yoast-seo-wordpress\/ -->\n<title>Ordu Oto Anahtar - Oto &ccedil;ilingir Merkezi 0506 702 20 34<\/title>\n<meta name=\"description\" content=\"Oto \u00c7ilingir Hizmeti: Araba anahtar\u0131n\u0131z kaybolduysa veya arac\u0131n\u0131z\u0131n kilidinde sorun ya\u015f\u0131yorsan\u0131z, k\u0131sa s\u00fcrede sorununuzu \u00e7\u00f6z\u00fcyoruz.\" \/>\n<meta name=\"robots\" content=\"index, follow, max-snippet:-1, max-image-preview:large, max-video-preview:-1\" \/>\n<link rel=\"canonical\" href=\"http:\/\/orgiotoanahtar.com.tr\/?page_id=83\" \/>\n<meta property=\"og:locale\" content=\"tr_TR\" \/>\n<meta property=\"og:type\" content=\"article\" \/>\n<meta property=\"og:title\" content=\"Ordu Oto Anahtar - Oto &ccedil;ilingir Merkezi 0506 702 20 34\" \/>\n<meta property=\"og:description\" content=\"Oto \u00c7ilingir Hizmeti: Araba anahtar\u0131n\u0131z kaybolduysa veya arac\u0131n\u0131z\u0131n kilidinde sorun ya\u015f\u0131yorsan\u0131z, k\u0131sa s\u00fcrede sorununuzu \u00e7\u00f6z\u00fcyoruz.\" \/>\n<meta property=\"og:url\" content=\"http:\/\/orgiotoanahtar.com.tr\/?page_id=83\" \/>\n<meta property=\"og:site_name\" content=\"Oto &ccedil;ilingir Merkezi 0506 702 20 34\" \/>\n<meta property=\"article:publisher\" content=\"https:\/\/www.facebook.com\/fatihyagizozdemir?locale=tr_TR\" \/>\n<meta property=\"article:modified_time\" content=\"2025-12-29T07:47:56+00:00\" \/>\n<meta property=\"og:image\" content=\"https:\/\/orgiotoanahtar.com.tr\/wp-content\/uploads\/2025\/12\/unnamed.jpg\" \/>\n\t<meta property=\"og:image:width\" content=\"512\" \/>\n\t<meta property=\"og:image:height\" content=\"259\" \/>\n\t<meta property=\"og:image:type\" content=\"image\/jpeg\" \/>\n<meta name=\"twitter:card\" content=\"summary_large_image\" \/>\n<meta name=\"twitter:label1\" content=\"Tahmini okuma s\u00fcresi\" \/>\n\t<meta name=\"twitter:data1\" content=\"4 dakika\" \/>\n<script type=\"application\/ld+json\" class=\"yoast-schema-graph\">{\"@context\":\"https:\/\/schema.org\",\"@graph\":[{\"@type\":\"WebPage\",\"@id\":\"http:\/\/orgiotoanahtar.com.tr\/?page_id=83\",\"url\":\"http:\/\/orgiotoanahtar.com.tr\/?page_id=83\",\"name\":\"Ordu Oto Anahtar - Oto &ccedil;ilingir Merkezi 0506 702 20 34\",\"isPartOf\":{\"@id\":\"http:\/\/orgiotoanahtar.com.tr\/#website\"},\"primaryImageOfPage\":{\"@id\":\"http:\/\/orgiotoanahtar.com.tr\/?page_id=83#primaryimage\"},\"image\":{\"@id\":\"http:\/\/orgiotoanahtar.com.tr\/?page_id=83#primaryimage\"},\"thumbnailUrl\":\"http:\/\/orgiotoanahtar.com.tr\/wp-content\/uploads\/2025\/12\/unnamed.jpg\",\"datePublished\":\"2025-12-27T15:02:43+00:00\",\"dateModified\":\"2025-12-29T07:47:56+00:00\",\"description\":\"Oto \u00c7ilingir Hizmeti: Araba anahtar\u0131n\u0131z kaybolduysa veya arac\u0131n\u0131z\u0131n kilidinde sorun ya\u015f\u0131yorsan\u0131z, k\u0131sa s\u00fcrede sorununuzu \u00e7\u00f6z\u00fcyoruz.\",\"breadcrumb\":{\"@id\":\"http:\/\/orgiotoanahtar.com.tr\/?page_id=83#breadcrumb\"},\"inLanguage\":\"tr\",\"potentialAction\":[{\"@type\":\"ReadAction\",\"target\":[\"http:\/\/orgiotoanahtar.com.tr\/?page_id=83\"]}]},{\"@type\":\"ImageObject\",\"inLanguage\":\"tr\",\"@id\":\"http:\/\/orgiotoanahtar.com.tr\/?page_id=83#primaryimage\",\"url\":\"https:\/\/orgiotoanahtar.com.tr\/wp-content\/uploads\/2025\/12\/unnamed.jpg\",\"contentUrl\":\"https:\/\/orgiotoanahtar.com.tr\/wp-content\/uploads\/2025\/12\/unnamed.jpg\",\"width\":512,\"height\":259},{\"@type\":\"BreadcrumbList\",\"@id\":\"http:\/\/orgiotoanahtar.com.tr\/?page_id=83#breadcrumb\",\"itemListElement\":[{\"@type\":\"ListItem\",\"position\":1,\"name\":\"Anasayfa\",\"item\":\"https:\/\/orgiotoanahtar.com.tr\/\"},{\"@type\":\"ListItem\",\"position\":2,\"name\":\"Ordu Oto Anahtar\"}]},{\"@type\":\"WebSite\",\"@id\":\"http:\/\/orgiotoanahtar.com.tr\/#website\",\"url\":\"http:\/\/orgiotoanahtar.com.tr\/\",\"name\":\"Giresun Ordu Oto \u00e7ilingir Merkezi 0506 702 20 34\",\"description\":\"Oto \u0130mmobilizer Anahtar Merkezi\",\"publisher\":{\"@id\":\"http:\/\/orgiotoanahtar.com.tr\/#organization\"},\"potentialAction\":[{\"@type\":\"SearchAction\",\"target\":{\"@type\":\"EntryPoint\",\"urlTemplate\":\"http:\/\/orgiotoanahtar.com.tr\/?s={search_term_string}\"},\"query-input\":{\"@type\":\"PropertyValueSpecification\",\"valueRequired\":true,\"valueName\":\"search_term_string\"}}],\"inLanguage\":\"tr\"},{\"@type\":\"Organization\",\"@id\":\"http:\/\/orgiotoanahtar.com.tr\/#organization\",\"name\":\"Oto \u00e7ilingir Merkezi 0506 702 20 34\",\"url\":\"http:\/\/orgiotoanahtar.com.tr\/\",\"logo\":{\"@type\":\"ImageObject\",\"inLanguage\":\"tr\",\"@id\":\"http:\/\/orgiotoanahtar.com.tr\/#\/schema\/logo\/image\/\",\"url\":\"http:\/\/orgiotoanahtar.com.tr\/wp-content\/uploads\/2025\/12\/unnamed.jpg\",\"contentUrl\":\"http:\/\/orgiotoanahtar.com.tr\/wp-content\/uploads\/2025\/12\/unnamed.jpg\",\"width\":512,\"height\":259,\"caption\":\"Oto \u00e7ilingir Merkezi 0506 702 20 34\"},\"image\":{\"@id\":\"http:\/\/orgiotoanahtar.com.tr\/#\/schema\/logo\/image\/\"},\"sameAs\":[\"https:\/\/www.facebook.com\/fatihyagizozdemir?locale=tr_TR\",\"https:\/\/www.instagram.com\/yagiz_anahtar\/\"]}]}<\/script>\n<!-- \/ Yoast SEO plugin. -->","yoast_head_json":{"title":"Ordu Oto Anahtar - Oto &ccedil;ilingir Merkezi 0506 702 20 34","description":"Oto \u00c7ilingir Hizmeti: Araba anahtar\u0131n\u0131z kaybolduysa veya arac\u0131n\u0131z\u0131n kilidinde sorun ya\u015f\u0131yorsan\u0131z, k\u0131sa s\u00fcrede sorununuzu \u00e7\u00f6z\u00fcyoruz.","robots":{"index":"index","follow":"follow","max-snippet":"max-snippet:-1","max-image-preview":"max-image-preview:large","max-video-preview":"max-video-preview:-1"},"canonical":"http:\/\/orgiotoanahtar.com.tr\/?page_id=83","og_locale":"tr_TR","og_type":"article","og_title":"Ordu Oto Anahtar - Oto &ccedil;ilingir Merkezi 0506 702 20 34","og_description":"Oto \u00c7ilingir Hizmeti: Araba anahtar\u0131n\u0131z kaybolduysa veya arac\u0131n\u0131z\u0131n kilidinde sorun ya\u015f\u0131yorsan\u0131z, k\u0131sa s\u00fcrede sorununuzu \u00e7\u00f6z\u00fcyoruz.","og_url":"http:\/\/orgiotoanahtar.com.tr\/?page_id=83","og_site_name":"Oto &ccedil;ilingir Merkezi 0506 702 20 34","article_publisher":"https:\/\/www.facebook.com\/fatihyagizozdemir?locale=tr_TR","article_modified_time":"2025-12-29T07:47:56+00:00","og_image":[{"width":512,"height":259,"url":"https:\/\/orgiotoanahtar.com.tr\/wp-content\/uploads\/2025\/12\/unnamed.jpg","type":"image\/jpeg"}],"twitter_card":"summary_large_image","twitter_misc":{"Tahmini okuma s\u00fcresi":"4 dakika"},"schema":{"@context":"https:\/\/schema.org","@graph":[{"@type":"WebPage","@id":"http:\/\/orgiotoanahtar.com.tr\/?page_id=83","url":"http:\/\/orgiotoanahtar.com.tr\/?page_id=83","name":"Ordu Oto Anahtar - Oto &ccedil;ilingir Merkezi 0506 702 20 34","isPartOf":{"@id":"http:\/\/orgiotoanahtar.com.tr\/#website"},"primaryImageOfPage":{"@id":"http:\/\/orgiotoanahtar.com.tr\/?page_id=83#primaryimage"},"image":{"@id":"http:\/\/orgiotoanahtar.com.tr\/?page_id=83#primaryimage"},"thumbnailUrl":"http:\/\/orgiotoanahtar.com.tr\/wp-content\/uploads\/2025\/12\/unnamed.jpg","datePublished":"2025-12-27T15:02:43+00:00","dateModified":"2025-12-29T07:47:56+00:00","description":"Oto \u00c7ilingir Hizmeti: Araba anahtar\u0131n\u0131z kaybolduysa veya arac\u0131n\u0131z\u0131n kilidinde sorun ya\u015f\u0131yorsan\u0131z, k\u0131sa s\u00fcrede sorununuzu \u00e7\u00f6z\u00fcyoruz.","breadcrumb":{"@id":"http:\/\/orgiotoanahtar.com.tr\/?page_id=83#breadcrumb"},"inLanguage":"tr","potentialAction":[{"@type":"ReadAction","target":["http:\/\/orgiotoanahtar.com.tr\/?page_id=83"]}]},{"@type":"ImageObject","inLanguage":"tr","@id":"http:\/\/orgiotoanahtar.com.tr\/?page_id=83#primaryimage","url":"https:\/\/orgiotoanahtar.com.tr\/wp-content\/uploads\/2025\/12\/unnamed.jpg","contentUrl":"https:\/\/orgiotoanahtar.com.tr\/wp-content\/uploads\/2025\/12\/unnamed.jpg","width":512,"height":259},{"@type":"BreadcrumbList","@id":"http:\/\/orgiotoanahtar.com.tr\/?page_id=83#breadcrumb","itemListElement":[{"@type":"ListItem","position":1,"name":"Anasayfa","item":"https:\/\/orgiotoanahtar.com.tr\/"},{"@type":"ListItem","position":2,"name":"Ordu Oto Anahtar"}]},{"@type":"WebSite","@id":"http:\/\/orgiotoanahtar.com.tr\/#website","url":"http:\/\/orgiotoanahtar.com.tr\/","name":"Giresun Ordu Oto \u00e7ilingir Merkezi 0506 702 20 34","description":"Oto \u0130mmobilizer Anahtar Merkezi","publisher":{"@id":"http:\/\/orgiotoanahtar.com.tr\/#organization"},"potentialAction":[{"@type":"SearchAction","target":{"@type":"EntryPoint","urlTemplate":"http:\/\/orgiotoanahtar.com.tr\/?s={search_term_string}"},"query-input":{"@type":"PropertyValueSpecification","valueRequired":true,"valueName":"search_term_string"}}],"inLanguage":"tr"},{"@type":"Organization","@id":"http:\/\/orgiotoanahtar.com.tr\/#organization","name":"Oto \u00e7ilingir Merkezi 0506 702 20 34","url":"http:\/\/orgiotoanahtar.com.tr\/","logo":{"@type":"ImageObject","inLanguage":"tr","@id":"http:\/\/orgiotoanahtar.com.tr\/#\/schema\/logo\/image\/","url":"http:\/\/orgiotoanahtar.com.tr\/wp-content\/uploads\/2025\/12\/unnamed.jpg","contentUrl":"http:\/\/orgiotoanahtar.com.tr\/wp-content\/uploads\/2025\/12\/unnamed.jpg","width":512,"height":259,"caption":"Oto \u00e7ilingir Merkezi 0506 702 20 34"},"image":{"@id":"http:\/\/orgiotoanahtar.com.tr\/#\/schema\/logo\/image\/"},"sameAs":["https:\/\/www.facebook.com\/fatihyagizozdemir?locale=tr_TR","https:\/\/www.instagram.com\/yagiz_anahtar\/"]}]}},"_links":{"self":[{"href":"https:\/\/orgiotoanahtar.com.tr\/index.php?rest_route=\/wp\/v2\/pages\/83","targetHints":{"allow":["GET"]}}],"collection":[{"href":"https:\/\/orgiotoanahtar.com.tr\/index.php?rest_route=\/wp\/v2\/pages"}],"about":[{"href":"https:\/\/orgiotoanahtar.com.tr\/index.php?rest_route=\/wp\/v2\/types\/page"}],"author":[{"embeddable":true,"href":"https:\/\/orgiotoanahtar.com.tr\/index.php?rest_route=\/wp\/v2\/users\/1"}],"replies":[{"embeddable":true,"href":"https:\/\/orgiotoanahtar.com.tr\/index.php?rest_route=%2Fwp%2Fv2%2Fcomments&post=83"}],"version-history":[{"count":4,"href":"https:\/\/orgiotoanahtar.com.tr\/index.php?rest_route=\/wp\/v2\/pages\/83\/revisions"}],"predecessor-version":[{"id":124,"href":"https:\/\/orgiotoanahtar.com.tr\/index.php?rest_route=\/wp\/v2\/pages\/83\/revisions\/124"}],"wp:attachment":[{"href":"https:\/\/orgiotoanahtar.com.tr\/index.php?rest_route=%2Fwp%2Fv2%2Fmedia&parent=83"}],"curies":[{"name":"wp","href":"https:\/\/api.w.org\/{rel}","templated":true}]}}