{"id":18,"date":"2025-12-27T13:02:19","date_gmt":"2025-12-27T13:02:19","guid":{"rendered":"http:\/\/orgiotoanahtar.com.tr\/?page_id=18"},"modified":"2026-03-08T10:09:47","modified_gmt":"2026-03-08T10:09:47","slug":"giresun-oto-cilingir","status":"publish","type":"page","link":"https:\/\/orgiotoanahtar.com.tr\/","title":{"rendered":"Ya\u011f\u0131z Oto Anahtar"},"content":{"rendered":"\n<figure class=\"wp-block-image size-large\"><img loading=\"lazy\" decoding=\"async\" width=\"1024\" height=\"373\" src=\"http:\/\/orgiotoanahtar.com.tr\/wp-content\/uploads\/2025\/12\/otocilingir-4j-1024x373.jpg\" alt=\"\" class=\"wp-image-41\" srcset=\"https:\/\/orgiotoanahtar.com.tr\/wp-content\/uploads\/2025\/12\/otocilingir-4j-1024x373.jpg 1024w, https:\/\/orgiotoanahtar.com.tr\/wp-content\/uploads\/2025\/12\/otocilingir-4j-300x109.jpg 300w, https:\/\/orgiotoanahtar.com.tr\/wp-content\/uploads\/2025\/12\/otocilingir-4j-768x280.jpg 768w, https:\/\/orgiotoanahtar.com.tr\/wp-content\/uploads\/2025\/12\/otocilingir-4j-1536x560.jpg 1536w, https:\/\/orgiotoanahtar.com.tr\/wp-content\/uploads\/2025\/12\/otocilingir-4j-2048x747.jpg 2048w\" sizes=\"auto, (max-width: 1024px) 100vw, 1024px\" \/><\/figure>\n\n\n\n<h2 class=\"wp-block-heading\"><strong>7\/24 \u00c7\u0130L\u0130NG\u0130R SERV\u0130S\u0130<\/strong><\/h2>\n\n\n\n<p>Oto \u00e7ilingir servisimiz, ara\u00e7 kap\u0131lar\u0131nda ya\u015fanan kilit problemlerine h\u0131zl\u0131 ve profesyonel \u00e7\u00f6z\u00fcmler sunmaktad\u0131r. Anahtar\u0131n\u0131z\u0131 kaybetti\u011finizde, kap\u0131 kilitlendi\u011finde ya da anahtar\u0131n\u0131z i\u00e7eride kald\u0131\u011f\u0131nda, uzman ekibimiz 7\/24 hizmet vererek size en k\u0131sa s\u00fcrede yard\u0131mc\u0131 olur.<\/p>\n\n\n\n<p>Her marka ve model araca uygun \u00e7ilingir hizmetleri sunan firmam\u0131z, geli\u015fmi\u015f ekipmanlar\u0131 ile kap\u0131n\u0131za veya kilidinize zarar vermeden sorunu \u00e7\u00f6zer.<\/p>\n\n\n\n<p>Oto \u00e7ilingir servisimiz, yaln\u0131zca kap\u0131 a\u00e7ma hizmetiyle s\u0131n\u0131rl\u0131 kalmay\u0131p, anahtar kopyalama, immobilizer anahtar yap\u0131m\u0131 ve kilit de\u011fi\u015fimi gibi hizmetler de sunmaktad\u0131r.<\/p>\n\n\n\n<p>Acil durumlarda size h\u0131zl\u0131 bir \u015fekilde ula\u015farak, sorunu \u00e7\u00f6zmek i\u00e7in gerekli t\u00fcm donan\u0131ma sahip olan ekibimiz, m\u00fc\u015fteri memnuniyetini her zaman \u00f6n planda tutar.<\/p>\n\n\n\n<p>Ayr\u0131ca, ara\u00e7 g\u00fcvenli\u011fi konusunda uzman tavsiyeleri sunarak, olas\u0131 h\u0131rs\u0131zl\u0131k risklerine kar\u015f\u0131 \u00f6nlemler alman\u0131z\u0131 sa\u011fl\u0131yoruz.<\/p>\n\n\n\n<p>Oto \u00e7ilingir hizmetlerimiz, geni\u015f bir servis a\u011f\u0131 ile\u00a0<a href=\"http:\/\/orgiotoanahtar.com.tr\/\">Giresun ve Ordu&#8217;nun<\/a>\u00a0bir\u00e7ok b\u00f6lgesinde kesintisiz olarak sunulmaktad\u0131r. Giresun ve Ordu daki bir\u00e7ok semt ve mahallede 7\/24 hizmet vererek, ara\u00e7 sahiplerinin acil ihtiya\u00e7lar\u0131na h\u0131zl\u0131 \u00e7\u00f6z\u00fcmler getiriyoruz. Firmam\u0131z,\u00a0<a href=\"http:\/\/orgiotoanahtar.com.tr\/\">Giresun Oto \u00c7ilingir<\/a>,\u00a0<a href=\"http:\/\/orgiotoanahtar.com.tr\/\">Espiye Oto \u00c7ilingir<\/a>,\u00a0<a href=\"http:\/\/orgiotoanahtar.com.tr\/\">Ke\u015fap<\/a>,\u00a0<a href=\"http:\/\/orgiotoanahtar.com.tr\/\">G\u00f6rele Oto \u00c7ilingir<\/a>,\u00a0<a href=\"http:\/\/orgiotoanahtar.com.tr\/\">Bulancak Oto Anahtar<\/a>,\u00a0<a href=\"http:\/\/orgiotoanahtar.com.tr\/\">piraziz oto \u00e7ilingir<\/a>,\u00a0<a href=\"http:\/\/orgiotoanahtar.com.tr\/\">Teyyared\u00fcz\u00fc oto \u00c7ilingir<\/a>,\u00a0<a href=\"http:\/\/orgiotoanahtar.com.tr\/\">\u00e7\u0131tlakkale oto \u00e7ilingir<\/a>,\u00a0<a href=\"http:\/\/orgiotoanahtar.com.tr\/\">Giresun merkez oto anahtar<\/a>,\u00a0<a href=\"http:\/\/orgiotoanahtar.com.tr\/\">Ordu Oto Anahtar<\/a>,\u00a0<a href=\"http:\/\/orgiotoanahtar.com.tr\/\">Boztepe Oto \u00c7ilingir<\/a>,\u00a0<a href=\"http:\/\/orgiotoanahtar.com.tr\/\">Alt\u0131nordu Oto \u00c7ilingir<\/a>,\u00a0<a href=\"http:\/\/orgiotoanahtar.com.tr\/\">Ordu Kar\u015f\u0131yaka oto \u00e7ilingir<\/a>,\u00a0<a href=\"http:\/\/orgiotoanahtar.com.tr\/\">Ordu Merkez Oto \u00e7ilingir<\/a>,\u00a0<a href=\"http:\/\/orgiotoanahtar.com.tr\/\">Cumhuriyet mahallesi Oto \u00c7ilingir<\/a>,\u00a0\u00a0gibi merkezi b\u00f6lgelerde profesyonel oto \u00e7ilingir hizmetleri sa\u011flamaktad\u0131r.<\/p>\n\n\n\n<p>Oto \u00e7ilingir servisimiz, uygun fiyatlarla ve garantili hizmet anlay\u0131\u015f\u0131yla m\u00fc\u015fterilerine g\u00fcvenli ve pratik \u00e7\u00f6z\u00fcmler sunmaktad\u0131r. Ara\u00e7lar\u0131n\u0131z\u0131n g\u00fcvenli\u011fini ve kap\u0131 kilit sistemlerini profesyonel ellere teslim etmek istiyorsan\u0131z, bize 7\/24 ula\u015fabilirsiniz.<\/p>\n\n\n\n<p>Oto \u00e7ilingir, Oto anahtar, Oto kay\u0131p anahtar, Oto yedek anahtar, Oto kontak tamiri, Oto kumanda tamiri, Oto em\u00fclat\u00f6r, Oto immobolizer.<\/p>\n\n\n\n<p>Kap\u0131 a\u00e7ma, Kumanda veya anahtar \u00e7o\u011faltma gibi hizmetlerimiz hakk\u0131nda detayl\u0131 bilgi ve fiyat almak i\u00e7in\u00a0<a href=\"tel:+905067022034\">0506 702 20 34<\/a><strong>\u00a0<\/strong>numaral\u0131 hatt\u0131m\u0131za\u00a0<strong>7\/24<\/strong>\u00a0ula\u015f\u0131m sa\u011flayabilirsiniz.<\/p>\n","protected":false},"excerpt":{"rendered":"<p>7\/24 \u00c7\u0130L\u0130NG\u0130R SERV\u0130S\u0130 Oto \u00e7ilingir servisimiz, ara\u00e7 kap\u0131lar\u0131nda ya\u015fanan kilit problemlerine h\u0131zl\u0131 ve profesyonel \u00e7\u00f6z\u00fcmler sunmaktad\u0131r. Anahtar\u0131n\u0131z\u0131 kaybetti\u011finizde, kap\u0131 kilitlendi\u011finde ya da anahtar\u0131n\u0131z i\u00e7eride kald\u0131\u011f\u0131nda, uzman ekibimiz 7\/24 hizmet vererek size en k\u0131sa s\u00fcrede yard\u0131mc\u0131 olur. Her marka ve model araca uygun \u00e7ilingir hizmetleri sunan firmam\u0131z, geli\u015fmi\u015f ekipmanlar\u0131 ile kap\u0131n\u0131za veya kilidinize zarar vermeden sorunu [&hellip;]<\/p>\n","protected":false},"author":1,"featured_media":0,"parent":0,"menu_order":0,"comment_status":"closed","ping_status":"closed","template":"","meta":{"footnotes":""},"class_list":["post-18","page","type-page","status-publish","hentry"],"yoast_head":"<!-- This site is optimized with the Yoast SEO plugin v27.2 - https:\/\/yoast.com\/product\/yoast-seo-wordpress\/ -->\n<title>Ya\u011f\u0131z Oto Anahtar - Oto &ccedil;ilingir Merkezi 0506 702 20 34<\/title>\n<meta name=\"description\" content=\"Giresun Ya\u011f\u0131z oto \u00c7ilingir, ara\u00e7lar\u0131n\u0131z i\u00e7in h\u0131zl\u0131, g\u00fcvenilir ve profesyonel oto \u00e7ilingir hizmetleri sunar.7\/24 GSM : 0506 702 20 34\" \/>\n<meta name=\"robots\" content=\"index, follow, max-snippet:-1, max-image-preview:large, max-video-preview:-1\" \/>\n<link rel=\"canonical\" href=\"https:\/\/orgiotoanahtar.com.tr\/\" \/>\n<meta property=\"og:locale\" content=\"tr_TR\" \/>\n<meta property=\"og:type\" content=\"article\" \/>\n<meta property=\"og:title\" content=\"Ya\u011f\u0131z Oto Anahtar - Oto &ccedil;ilingir Merkezi 0506 702 20 34\" \/>\n<meta property=\"og:description\" content=\"Giresun Ya\u011f\u0131z oto \u00c7ilingir, ara\u00e7lar\u0131n\u0131z i\u00e7in h\u0131zl\u0131, g\u00fcvenilir ve profesyonel oto \u00e7ilingir hizmetleri sunar.7\/24 GSM : 0506 702 20 34\" \/>\n<meta property=\"og:url\" content=\"https:\/\/orgiotoanahtar.com.tr\/\" \/>\n<meta property=\"og:site_name\" content=\"Oto &ccedil;ilingir Merkezi 0506 702 20 34\" \/>\n<meta property=\"article:publisher\" content=\"https:\/\/www.facebook.com\/fatihyagizozdemir?locale=tr_TR\" \/>\n<meta property=\"article:modified_time\" content=\"2026-03-08T10:09:47+00:00\" \/>\n<meta property=\"og:image\" content=\"https:\/\/orgiotoanahtar.com.tr\/wp-content\/uploads\/2025\/12\/otocilingir-4j-scaled.jpg\" \/>\n\t<meta property=\"og:image:width\" content=\"2560\" \/>\n\t<meta property=\"og:image:height\" content=\"933\" \/>\n\t<meta property=\"og:image:type\" content=\"image\/jpeg\" \/>\n<meta name=\"twitter:card\" content=\"summary_large_image\" \/>\n<meta name=\"twitter:label1\" content=\"Tahmini okuma s\u00fcresi\" \/>\n\t<meta name=\"twitter:data1\" content=\"2 dakika\" \/>\n<script type=\"application\/ld+json\" class=\"yoast-schema-graph\">{\"@context\":\"https:\/\/schema.org\",\"@graph\":[{\"@type\":\"WebPage\",\"@id\":\"https:\/\/orgiotoanahtar.com.tr\/\",\"url\":\"https:\/\/orgiotoanahtar.com.tr\/\",\"name\":\"Ya\u011f\u0131z Oto Anahtar - Oto &ccedil;ilingir Merkezi 0506 702 20 34\",\"isPartOf\":{\"@id\":\"http:\/\/orgiotoanahtar.com.tr\/#website\"},\"primaryImageOfPage\":{\"@id\":\"https:\/\/orgiotoanahtar.com.tr\/#primaryimage\"},\"image\":{\"@id\":\"https:\/\/orgiotoanahtar.com.tr\/#primaryimage\"},\"thumbnailUrl\":\"http:\/\/orgiotoanahtar.com.tr\/wp-content\/uploads\/2025\/12\/otocilingir-4j-1024x373.jpg\",\"datePublished\":\"2025-12-27T13:02:19+00:00\",\"dateModified\":\"2026-03-08T10:09:47+00:00\",\"description\":\"Giresun Ya\u011f\u0131z oto \u00c7ilingir, ara\u00e7lar\u0131n\u0131z i\u00e7in h\u0131zl\u0131, g\u00fcvenilir ve profesyonel oto \u00e7ilingir hizmetleri sunar.7\/24 GSM : 0506 702 20 34\",\"breadcrumb\":{\"@id\":\"https:\/\/orgiotoanahtar.com.tr\/#breadcrumb\"},\"inLanguage\":\"tr\",\"potentialAction\":[{\"@type\":\"ReadAction\",\"target\":[\"https:\/\/orgiotoanahtar.com.tr\/\"]}]},{\"@type\":\"ImageObject\",\"inLanguage\":\"tr\",\"@id\":\"https:\/\/orgiotoanahtar.com.tr\/#primaryimage\",\"url\":\"https:\/\/orgiotoanahtar.com.tr\/wp-content\/uploads\/2025\/12\/otocilingir-4j-scaled.jpg\",\"contentUrl\":\"https:\/\/orgiotoanahtar.com.tr\/wp-content\/uploads\/2025\/12\/otocilingir-4j-scaled.jpg\",\"width\":2560,\"height\":933},{\"@type\":\"BreadcrumbList\",\"@id\":\"https:\/\/orgiotoanahtar.com.tr\/#breadcrumb\",\"itemListElement\":[{\"@type\":\"ListItem\",\"position\":1,\"name\":\"Anasayfa\",\"item\":\"https:\/\/orgiotoanahtar.com.tr\/\"},{\"@type\":\"ListItem\",\"position\":2,\"name\":\"Ya\u011f\u0131z Oto Anahtar\"}]},{\"@type\":\"WebSite\",\"@id\":\"http:\/\/orgiotoanahtar.com.tr\/#website\",\"url\":\"http:\/\/orgiotoanahtar.com.tr\/\",\"name\":\"Giresun Ordu Oto \u00e7ilingir Merkezi 0506 702 20 34\",\"description\":\"Oto \u0130mmobilizer Anahtar Merkezi\",\"publisher\":{\"@id\":\"http:\/\/orgiotoanahtar.com.tr\/#organization\"},\"potentialAction\":[{\"@type\":\"SearchAction\",\"target\":{\"@type\":\"EntryPoint\",\"urlTemplate\":\"http:\/\/orgiotoanahtar.com.tr\/?s={search_term_string}\"},\"query-input\":{\"@type\":\"PropertyValueSpecification\",\"valueRequired\":true,\"valueName\":\"search_term_string\"}}],\"inLanguage\":\"tr\"},{\"@type\":\"Organization\",\"@id\":\"http:\/\/orgiotoanahtar.com.tr\/#organization\",\"name\":\"Oto \u00e7ilingir Merkezi 0506 702 20 34\",\"url\":\"http:\/\/orgiotoanahtar.com.tr\/\",\"logo\":{\"@type\":\"ImageObject\",\"inLanguage\":\"tr\",\"@id\":\"http:\/\/orgiotoanahtar.com.tr\/#\/schema\/logo\/image\/\",\"url\":\"http:\/\/orgiotoanahtar.com.tr\/wp-content\/uploads\/2025\/12\/unnamed.jpg\",\"contentUrl\":\"http:\/\/orgiotoanahtar.com.tr\/wp-content\/uploads\/2025\/12\/unnamed.jpg\",\"width\":512,\"height\":259,\"caption\":\"Oto \u00e7ilingir Merkezi 0506 702 20 34\"},\"image\":{\"@id\":\"http:\/\/orgiotoanahtar.com.tr\/#\/schema\/logo\/image\/\"},\"sameAs\":[\"https:\/\/www.facebook.com\/fatihyagizozdemir?locale=tr_TR\",\"https:\/\/www.instagram.com\/yagiz_anahtar\/\"]}]}<\/script>\n<!-- \/ Yoast SEO plugin. -->","yoast_head_json":{"title":"Ya\u011f\u0131z Oto Anahtar - Oto &ccedil;ilingir Merkezi 0506 702 20 34","description":"Giresun Ya\u011f\u0131z oto \u00c7ilingir, ara\u00e7lar\u0131n\u0131z i\u00e7in h\u0131zl\u0131, g\u00fcvenilir ve profesyonel oto \u00e7ilingir hizmetleri sunar.7\/24 GSM : 0506 702 20 34","robots":{"index":"index","follow":"follow","max-snippet":"max-snippet:-1","max-image-preview":"max-image-preview:large","max-video-preview":"max-video-preview:-1"},"canonical":"https:\/\/orgiotoanahtar.com.tr\/","og_locale":"tr_TR","og_type":"article","og_title":"Ya\u011f\u0131z Oto Anahtar - Oto &ccedil;ilingir Merkezi 0506 702 20 34","og_description":"Giresun Ya\u011f\u0131z oto \u00c7ilingir, ara\u00e7lar\u0131n\u0131z i\u00e7in h\u0131zl\u0131, g\u00fcvenilir ve profesyonel oto \u00e7ilingir hizmetleri sunar.7\/24 GSM : 0506 702 20 34","og_url":"https:\/\/orgiotoanahtar.com.tr\/","og_site_name":"Oto &ccedil;ilingir Merkezi 0506 702 20 34","article_publisher":"https:\/\/www.facebook.com\/fatihyagizozdemir?locale=tr_TR","article_modified_time":"2026-03-08T10:09:47+00:00","og_image":[{"width":2560,"height":933,"url":"https:\/\/orgiotoanahtar.com.tr\/wp-content\/uploads\/2025\/12\/otocilingir-4j-scaled.jpg","type":"image\/jpeg"}],"twitter_card":"summary_large_image","twitter_misc":{"Tahmini okuma s\u00fcresi":"2 dakika"},"schema":{"@context":"https:\/\/schema.org","@graph":[{"@type":"WebPage","@id":"https:\/\/orgiotoanahtar.com.tr\/","url":"https:\/\/orgiotoanahtar.com.tr\/","name":"Ya\u011f\u0131z Oto Anahtar - Oto &ccedil;ilingir Merkezi 0506 702 20 34","isPartOf":{"@id":"http:\/\/orgiotoanahtar.com.tr\/#website"},"primaryImageOfPage":{"@id":"https:\/\/orgiotoanahtar.com.tr\/#primaryimage"},"image":{"@id":"https:\/\/orgiotoanahtar.com.tr\/#primaryimage"},"thumbnailUrl":"http:\/\/orgiotoanahtar.com.tr\/wp-content\/uploads\/2025\/12\/otocilingir-4j-1024x373.jpg","datePublished":"2025-12-27T13:02:19+00:00","dateModified":"2026-03-08T10:09:47+00:00","description":"Giresun Ya\u011f\u0131z oto \u00c7ilingir, ara\u00e7lar\u0131n\u0131z i\u00e7in h\u0131zl\u0131, g\u00fcvenilir ve profesyonel oto \u00e7ilingir hizmetleri sunar.7\/24 GSM : 0506 702 20 34","breadcrumb":{"@id":"https:\/\/orgiotoanahtar.com.tr\/#breadcrumb"},"inLanguage":"tr","potentialAction":[{"@type":"ReadAction","target":["https:\/\/orgiotoanahtar.com.tr\/"]}]},{"@type":"ImageObject","inLanguage":"tr","@id":"https:\/\/orgiotoanahtar.com.tr\/#primaryimage","url":"https:\/\/orgiotoanahtar.com.tr\/wp-content\/uploads\/2025\/12\/otocilingir-4j-scaled.jpg","contentUrl":"https:\/\/orgiotoanahtar.com.tr\/wp-content\/uploads\/2025\/12\/otocilingir-4j-scaled.jpg","width":2560,"height":933},{"@type":"BreadcrumbList","@id":"https:\/\/orgiotoanahtar.com.tr\/#breadcrumb","itemListElement":[{"@type":"ListItem","position":1,"name":"Anasayfa","item":"https:\/\/orgiotoanahtar.com.tr\/"},{"@type":"ListItem","position":2,"name":"Ya\u011f\u0131z Oto Anahtar"}]},{"@type":"WebSite","@id":"http:\/\/orgiotoanahtar.com.tr\/#website","url":"http:\/\/orgiotoanahtar.com.tr\/","name":"Giresun Ordu Oto \u00e7ilingir Merkezi 0506 702 20 34","description":"Oto \u0130mmobilizer Anahtar Merkezi","publisher":{"@id":"http:\/\/orgiotoanahtar.com.tr\/#organization"},"potentialAction":[{"@type":"SearchAction","target":{"@type":"EntryPoint","urlTemplate":"http:\/\/orgiotoanahtar.com.tr\/?s={search_term_string}"},"query-input":{"@type":"PropertyValueSpecification","valueRequired":true,"valueName":"search_term_string"}}],"inLanguage":"tr"},{"@type":"Organization","@id":"http:\/\/orgiotoanahtar.com.tr\/#organization","name":"Oto \u00e7ilingir Merkezi 0506 702 20 34","url":"http:\/\/orgiotoanahtar.com.tr\/","logo":{"@type":"ImageObject","inLanguage":"tr","@id":"http:\/\/orgiotoanahtar.com.tr\/#\/schema\/logo\/image\/","url":"http:\/\/orgiotoanahtar.com.tr\/wp-content\/uploads\/2025\/12\/unnamed.jpg","contentUrl":"http:\/\/orgiotoanahtar.com.tr\/wp-content\/uploads\/2025\/12\/unnamed.jpg","width":512,"height":259,"caption":"Oto \u00e7ilingir Merkezi 0506 702 20 34"},"image":{"@id":"http:\/\/orgiotoanahtar.com.tr\/#\/schema\/logo\/image\/"},"sameAs":["https:\/\/www.facebook.com\/fatihyagizozdemir?locale=tr_TR","https:\/\/www.instagram.com\/yagiz_anahtar\/"]}]}},"_links":{"self":[{"href":"https:\/\/orgiotoanahtar.com.tr\/index.php?rest_route=\/wp\/v2\/pages\/18","targetHints":{"allow":["GET"]}}],"collection":[{"href":"https:\/\/orgiotoanahtar.com.tr\/index.php?rest_route=\/wp\/v2\/pages"}],"about":[{"href":"https:\/\/orgiotoanahtar.com.tr\/index.php?rest_route=\/wp\/v2\/types\/page"}],"author":[{"embeddable":true,"href":"https:\/\/orgiotoanahtar.com.tr\/index.php?rest_route=\/wp\/v2\/users\/1"}],"replies":[{"embeddable":true,"href":"https:\/\/orgiotoanahtar.com.tr\/index.php?rest_route=%2Fwp%2Fv2%2Fcomments&post=18"}],"version-history":[{"count":7,"href":"https:\/\/orgiotoanahtar.com.tr\/index.php?rest_route=\/wp\/v2\/pages\/18\/revisions"}],"predecessor-version":[{"id":121,"href":"https:\/\/orgiotoanahtar.com.tr\/index.php?rest_route=\/wp\/v2\/pages\/18\/revisions\/121"}],"wp:attachment":[{"href":"https:\/\/orgiotoanahtar.com.tr\/index.php?rest_route=%2Fwp%2Fv2%2Fmedia&parent=18"}],"curies":[{"name":"wp","href":"https:\/\/api.w.org\/{rel}","templated":true}]}}