{"id":17,"date":"2025-12-27T13:02:19","date_gmt":"2025-12-27T13:02:19","guid":{"rendered":"http:\/\/orgiotoanahtar.com.tr\/?page_id=17"},"modified":"2025-12-27T15:05:39","modified_gmt":"2025-12-27T15:05:39","slug":"iletisim","status":"publish","type":"page","link":"https:\/\/orgiotoanahtar.com.tr\/?page_id=17","title":{"rendered":"\u0130leti\u015fim"},"content":{"rendered":"\n<h2 class=\"wp-block-heading\">7\/24 OTO \u00c7\u0130L\u0130NG\u0130R<\/h2>\n\n\n\n<hr class=\"wp-block-separator has-alpha-channel-opacity\"\/>\n\n\n\n<h4 class=\"wp-block-heading\">Oto \u00e7ilingir servisimiz,Giresun ve Ordu T\u00fcm B\u00f6lgelerine ara\u00e7 kap\u0131 kilit sorunlar\u0131na an\u0131nda \u00e7\u00f6z\u00fcm sunarak 7\/24 profesyonel hizmet sa\u011flamaktad\u0131r.<\/h4>\n\n\n\n<h4 class=\"wp-block-heading\">G\u00fcvenilir ve h\u0131zl\u0131 m\u00fcdahale garantisi veriyoruz.<\/h4>\n\n\n\n<h3 class=\"wp-block-heading\">&nbsp;<a href=\"tel:05067022034\">0506 702 20 34<\/a><\/h3>\n\n\n\n<p><a href=\"http:\/\/orgiotoanahtar.com.tr\/\">H\u0130ZMETLER\u0130M\u0130Z<\/a>&nbsp;<a href=\"http:\/\/orgiotoanahtar.com.tr\/\">SERV\u0130S B\u00d6LGELER\u0130<\/a><\/p>\n","protected":false},"excerpt":{"rendered":"<p>7\/24 OTO \u00c7\u0130L\u0130NG\u0130R Oto \u00e7ilingir servisimiz,Giresun ve Ordu T\u00fcm B\u00f6lgelerine ara\u00e7 kap\u0131 kilit sorunlar\u0131na an\u0131nda \u00e7\u00f6z\u00fcm sunarak 7\/24 profesyonel hizmet sa\u011flamaktad\u0131r. G\u00fcvenilir ve h\u0131zl\u0131 m\u00fcdahale garantisi veriyoruz. &nbsp;0506 702 20 34 H\u0130ZMETLER\u0130M\u0130Z&nbsp;SERV\u0130S B\u00d6LGELER\u0130<\/p>\n","protected":false},"author":1,"featured_media":0,"parent":0,"menu_order":0,"comment_status":"closed","ping_status":"closed","template":"","meta":{"footnotes":""},"class_list":["post-17","page","type-page","status-publish","hentry"],"yoast_head":"<!-- This site is optimized with the Yoast SEO plugin v27.2 - https:\/\/yoast.com\/product\/yoast-seo-wordpress\/ -->\n<title>\u0130leti\u015fim - Oto &ccedil;ilingir Merkezi 0506 702 20 34<\/title>\n<meta name=\"robots\" content=\"index, follow, max-snippet:-1, max-image-preview:large, max-video-preview:-1\" \/>\n<link rel=\"canonical\" href=\"http:\/\/orgiotoanahtar.com.tr\/?page_id=17\" \/>\n<meta property=\"og:locale\" content=\"tr_TR\" \/>\n<meta property=\"og:type\" content=\"article\" \/>\n<meta property=\"og:title\" content=\"\u0130leti\u015fim - Oto &ccedil;ilingir Merkezi 0506 702 20 34\" \/>\n<meta property=\"og:description\" content=\"7\/24 OTO \u00c7\u0130L\u0130NG\u0130R Oto \u00e7ilingir servisimiz,Giresun ve Ordu T\u00fcm B\u00f6lgelerine ara\u00e7 kap\u0131 kilit sorunlar\u0131na an\u0131nda \u00e7\u00f6z\u00fcm sunarak 7\/24 profesyonel hizmet sa\u011flamaktad\u0131r. G\u00fcvenilir ve h\u0131zl\u0131 m\u00fcdahale garantisi veriyoruz. &nbsp;0506 702 20 34 H\u0130ZMETLER\u0130M\u0130Z&nbsp;SERV\u0130S B\u00d6LGELER\u0130\" \/>\n<meta property=\"og:url\" content=\"http:\/\/orgiotoanahtar.com.tr\/?page_id=17\" \/>\n<meta property=\"og:site_name\" content=\"Oto &ccedil;ilingir Merkezi 0506 702 20 34\" \/>\n<meta property=\"article:publisher\" content=\"https:\/\/www.facebook.com\/fatihyagizozdemir?locale=tr_TR\" \/>\n<meta property=\"article:modified_time\" content=\"2025-12-27T15:05:39+00:00\" \/>\n<meta name=\"twitter:card\" content=\"summary_large_image\" \/>\n<script type=\"application\/ld+json\" class=\"yoast-schema-graph\">{\"@context\":\"https:\/\/schema.org\",\"@graph\":[{\"@type\":\"WebPage\",\"@id\":\"http:\/\/orgiotoanahtar.com.tr\/?page_id=17\",\"url\":\"http:\/\/orgiotoanahtar.com.tr\/?page_id=17\",\"name\":\"\u0130leti\u015fim - Oto &ccedil;ilingir Merkezi 0506 702 20 34\",\"isPartOf\":{\"@id\":\"http:\/\/orgiotoanahtar.com.tr\/#website\"},\"datePublished\":\"2025-12-27T13:02:19+00:00\",\"dateModified\":\"2025-12-27T15:05:39+00:00\",\"breadcrumb\":{\"@id\":\"http:\/\/orgiotoanahtar.com.tr\/?page_id=17#breadcrumb\"},\"inLanguage\":\"tr\",\"potentialAction\":[{\"@type\":\"ReadAction\",\"target\":[\"http:\/\/orgiotoanahtar.com.tr\/?page_id=17\"]}]},{\"@type\":\"BreadcrumbList\",\"@id\":\"http:\/\/orgiotoanahtar.com.tr\/?page_id=17#breadcrumb\",\"itemListElement\":[{\"@type\":\"ListItem\",\"position\":1,\"name\":\"Anasayfa\",\"item\":\"https:\/\/orgiotoanahtar.com.tr\/\"},{\"@type\":\"ListItem\",\"position\":2,\"name\":\"\u0130leti\u015fim\"}]},{\"@type\":\"WebSite\",\"@id\":\"http:\/\/orgiotoanahtar.com.tr\/#website\",\"url\":\"http:\/\/orgiotoanahtar.com.tr\/\",\"name\":\"Giresun Ordu Oto \u00e7ilingir Merkezi 0506 702 20 34\",\"description\":\"Oto \u0130mmobilizer Anahtar Merkezi\",\"publisher\":{\"@id\":\"http:\/\/orgiotoanahtar.com.tr\/#organization\"},\"potentialAction\":[{\"@type\":\"SearchAction\",\"target\":{\"@type\":\"EntryPoint\",\"urlTemplate\":\"http:\/\/orgiotoanahtar.com.tr\/?s={search_term_string}\"},\"query-input\":{\"@type\":\"PropertyValueSpecification\",\"valueRequired\":true,\"valueName\":\"search_term_string\"}}],\"inLanguage\":\"tr\"},{\"@type\":\"Organization\",\"@id\":\"http:\/\/orgiotoanahtar.com.tr\/#organization\",\"name\":\"Oto \u00e7ilingir Merkezi 0506 702 20 34\",\"url\":\"http:\/\/orgiotoanahtar.com.tr\/\",\"logo\":{\"@type\":\"ImageObject\",\"inLanguage\":\"tr\",\"@id\":\"http:\/\/orgiotoanahtar.com.tr\/#\/schema\/logo\/image\/\",\"url\":\"http:\/\/orgiotoanahtar.com.tr\/wp-content\/uploads\/2025\/12\/unnamed.jpg\",\"contentUrl\":\"http:\/\/orgiotoanahtar.com.tr\/wp-content\/uploads\/2025\/12\/unnamed.jpg\",\"width\":512,\"height\":259,\"caption\":\"Oto \u00e7ilingir Merkezi 0506 702 20 34\"},\"image\":{\"@id\":\"http:\/\/orgiotoanahtar.com.tr\/#\/schema\/logo\/image\/\"},\"sameAs\":[\"https:\/\/www.facebook.com\/fatihyagizozdemir?locale=tr_TR\",\"https:\/\/www.instagram.com\/yagiz_anahtar\/\"]}]}<\/script>\n<!-- \/ Yoast SEO plugin. -->","yoast_head_json":{"title":"\u0130leti\u015fim - Oto &ccedil;ilingir Merkezi 0506 702 20 34","robots":{"index":"index","follow":"follow","max-snippet":"max-snippet:-1","max-image-preview":"max-image-preview:large","max-video-preview":"max-video-preview:-1"},"canonical":"http:\/\/orgiotoanahtar.com.tr\/?page_id=17","og_locale":"tr_TR","og_type":"article","og_title":"\u0130leti\u015fim - Oto &ccedil;ilingir Merkezi 0506 702 20 34","og_description":"7\/24 OTO \u00c7\u0130L\u0130NG\u0130R Oto \u00e7ilingir servisimiz,Giresun ve Ordu T\u00fcm B\u00f6lgelerine ara\u00e7 kap\u0131 kilit sorunlar\u0131na an\u0131nda \u00e7\u00f6z\u00fcm sunarak 7\/24 profesyonel hizmet sa\u011flamaktad\u0131r. G\u00fcvenilir ve h\u0131zl\u0131 m\u00fcdahale garantisi veriyoruz. &nbsp;0506 702 20 34 H\u0130ZMETLER\u0130M\u0130Z&nbsp;SERV\u0130S B\u00d6LGELER\u0130","og_url":"http:\/\/orgiotoanahtar.com.tr\/?page_id=17","og_site_name":"Oto &ccedil;ilingir Merkezi 0506 702 20 34","article_publisher":"https:\/\/www.facebook.com\/fatihyagizozdemir?locale=tr_TR","article_modified_time":"2025-12-27T15:05:39+00:00","twitter_card":"summary_large_image","schema":{"@context":"https:\/\/schema.org","@graph":[{"@type":"WebPage","@id":"http:\/\/orgiotoanahtar.com.tr\/?page_id=17","url":"http:\/\/orgiotoanahtar.com.tr\/?page_id=17","name":"\u0130leti\u015fim - Oto &ccedil;ilingir Merkezi 0506 702 20 34","isPartOf":{"@id":"http:\/\/orgiotoanahtar.com.tr\/#website"},"datePublished":"2025-12-27T13:02:19+00:00","dateModified":"2025-12-27T15:05:39+00:00","breadcrumb":{"@id":"http:\/\/orgiotoanahtar.com.tr\/?page_id=17#breadcrumb"},"inLanguage":"tr","potentialAction":[{"@type":"ReadAction","target":["http:\/\/orgiotoanahtar.com.tr\/?page_id=17"]}]},{"@type":"BreadcrumbList","@id":"http:\/\/orgiotoanahtar.com.tr\/?page_id=17#breadcrumb","itemListElement":[{"@type":"ListItem","position":1,"name":"Anasayfa","item":"https:\/\/orgiotoanahtar.com.tr\/"},{"@type":"ListItem","position":2,"name":"\u0130leti\u015fim"}]},{"@type":"WebSite","@id":"http:\/\/orgiotoanahtar.com.tr\/#website","url":"http:\/\/orgiotoanahtar.com.tr\/","name":"Giresun Ordu Oto \u00e7ilingir Merkezi 0506 702 20 34","description":"Oto \u0130mmobilizer Anahtar Merkezi","publisher":{"@id":"http:\/\/orgiotoanahtar.com.tr\/#organization"},"potentialAction":[{"@type":"SearchAction","target":{"@type":"EntryPoint","urlTemplate":"http:\/\/orgiotoanahtar.com.tr\/?s={search_term_string}"},"query-input":{"@type":"PropertyValueSpecification","valueRequired":true,"valueName":"search_term_string"}}],"inLanguage":"tr"},{"@type":"Organization","@id":"http:\/\/orgiotoanahtar.com.tr\/#organization","name":"Oto \u00e7ilingir Merkezi 0506 702 20 34","url":"http:\/\/orgiotoanahtar.com.tr\/","logo":{"@type":"ImageObject","inLanguage":"tr","@id":"http:\/\/orgiotoanahtar.com.tr\/#\/schema\/logo\/image\/","url":"http:\/\/orgiotoanahtar.com.tr\/wp-content\/uploads\/2025\/12\/unnamed.jpg","contentUrl":"http:\/\/orgiotoanahtar.com.tr\/wp-content\/uploads\/2025\/12\/unnamed.jpg","width":512,"height":259,"caption":"Oto \u00e7ilingir Merkezi 0506 702 20 34"},"image":{"@id":"http:\/\/orgiotoanahtar.com.tr\/#\/schema\/logo\/image\/"},"sameAs":["https:\/\/www.facebook.com\/fatihyagizozdemir?locale=tr_TR","https:\/\/www.instagram.com\/yagiz_anahtar\/"]}]}},"_links":{"self":[{"href":"https:\/\/orgiotoanahtar.com.tr\/index.php?rest_route=\/wp\/v2\/pages\/17","targetHints":{"allow":["GET"]}}],"collection":[{"href":"https:\/\/orgiotoanahtar.com.tr\/index.php?rest_route=\/wp\/v2\/pages"}],"about":[{"href":"https:\/\/orgiotoanahtar.com.tr\/index.php?rest_route=\/wp\/v2\/types\/page"}],"author":[{"embeddable":true,"href":"https:\/\/orgiotoanahtar.com.tr\/index.php?rest_route=\/wp\/v2\/users\/1"}],"replies":[{"embeddable":true,"href":"https:\/\/orgiotoanahtar.com.tr\/index.php?rest_route=%2Fwp%2Fv2%2Fcomments&post=17"}],"version-history":[{"count":3,"href":"https:\/\/orgiotoanahtar.com.tr\/index.php?rest_route=\/wp\/v2\/pages\/17\/revisions"}],"predecessor-version":[{"id":89,"href":"https:\/\/orgiotoanahtar.com.tr\/index.php?rest_route=\/wp\/v2\/pages\/17\/revisions\/89"}],"wp:attachment":[{"href":"https:\/\/orgiotoanahtar.com.tr\/index.php?rest_route=%2Fwp%2Fv2%2Fmedia&parent=17"}],"curies":[{"name":"wp","href":"https:\/\/api.w.org\/{rel}","templated":true}]}}