{"id":14,"date":"2025-12-27T13:02:19","date_gmt":"2025-12-27T13:02:19","guid":{"rendered":"http:\/\/orgiotoanahtar.com.tr\/?page_id=14"},"modified":"2025-12-27T18:02:04","modified_gmt":"2025-12-27T18:02:04","slug":"oto-cilingir-0506-702-20-34-2","status":"publish","type":"page","link":"https:\/\/orgiotoanahtar.com.tr\/?page_id=14","title":{"rendered":"Oto \u00c7ilingir"},"content":{"rendered":"\n<figure class=\"wp-block-image size-large is-resized\"><img loading=\"lazy\" decoding=\"async\" width=\"1024\" height=\"373\" src=\"http:\/\/orgiotoanahtar.com.tr\/wp-content\/uploads\/2025\/12\/otocilingir-4j-1024x373.jpg\" alt=\"\" class=\"wp-image-41\" style=\"aspect-ratio:2.745378408742723;width:645px;height:auto\" srcset=\"https:\/\/orgiotoanahtar.com.tr\/wp-content\/uploads\/2025\/12\/otocilingir-4j-1024x373.jpg 1024w, https:\/\/orgiotoanahtar.com.tr\/wp-content\/uploads\/2025\/12\/otocilingir-4j-300x109.jpg 300w, https:\/\/orgiotoanahtar.com.tr\/wp-content\/uploads\/2025\/12\/otocilingir-4j-768x280.jpg 768w, https:\/\/orgiotoanahtar.com.tr\/wp-content\/uploads\/2025\/12\/otocilingir-4j-1536x560.jpg 1536w, https:\/\/orgiotoanahtar.com.tr\/wp-content\/uploads\/2025\/12\/otocilingir-4j-2048x747.jpg 2048w\" sizes=\"auto, (max-width: 1024px) 100vw, 1024px\" \/><\/figure>\n\n\n\n<p>Oto \u00e7ilingir servisimiz, ara\u00e7 kap\u0131 kilit sorunlar\u0131na an\u0131nda \u00e7\u00f6z\u00fcm sunarak 7\/24 profesyonel hizmet sa\u011flamaktad\u0131r. G\u00fcvenilir ve h\u0131zl\u0131 m\u00fcdahale garantisi veriyoruz.<\/p>\n\n\n\n<h2 class=\"wp-block-heading\">7\/24 Oto \u00c7ilingir<\/h2>\n\n\n\n<p><strong>Oto \u00e7ilingir<\/strong>&nbsp;firmam\u0131z, ara\u00e7 sahiplerinin kar\u015f\u0131la\u015ft\u0131\u011f\u0131 her t\u00fcrl\u00fc kilit ve anahtar sorunlar\u0131na profesyonel \u00e7\u00f6z\u00fcmler sunmaktad\u0131r. Arac\u0131n\u0131z\u0131n anahtar\u0131n\u0131 kaybetti\u011finizde, kap\u0131da kald\u0131\u011f\u0131n\u0131zda veya anahtar\u0131n\u0131z ara\u00e7 i\u00e7inde kilitli kald\u0131\u011f\u0131nda, h\u0131zl\u0131 ve g\u00fcvenilir hizmetimizle yan\u0131n\u0131zday\u0131z. Uzman ekibimiz, her marka ve model ara\u00e7 i\u00e7in gerekli bilgi ve donan\u0131ma sahiptir.<\/p>\n\n\n\n<p>Oto \u00e7ilingir hizmetlerimiz, anahtar kopyalama, kaybolan anahtarlar\u0131n yeniden yap\u0131lmas\u0131, ara\u00e7 kap\u0131s\u0131 a\u00e7ma ve immobilizer sistem tamiri gibi kapsaml\u0131 hizmetleri i\u00e7ermektedir. Ayr\u0131ca, son teknoloji ekipmanlar\u0131m\u0131z sayesinde, arac\u0131n\u0131za zarar vermeden kilit sorunlar\u0131n\u0131z\u0131 en k\u0131sa s\u00fcrede \u00e7\u00f6zmekteyiz. 7\/24 hizmet sunarak, acil durumlarda en h\u0131zl\u0131 \u015fekilde yan\u0131n\u0131za ula\u015farak sorunlar\u0131n\u0131z\u0131 \u00e7\u00f6z\u00fcyoruz.<\/p>\n\n\n\n<p>Firmam\u0131z, m\u00fc\u015fteri memnuniyetini en \u00fcst d\u00fczeyde tutmay\u0131 hedefleyerek, uygun fiyatlarla kaliteli hizmet sunmay\u0131 ama\u00e7lamaktad\u0131r. \u0130stanbul\u2019un her b\u00f6lgesine yay\u0131lm\u0131\u015f geni\u015f servis a\u011f\u0131m\u0131zla, arac\u0131n\u0131z nerede olursa olsun k\u0131sa s\u00fcrede ula\u015f\u0131m sa\u011flamaktay\u0131z. Oto \u00e7ilingir hizmeti veren firmam\u0131z, y\u0131llar\u0131n getirdi\u011fi deneyim ve uzman kadrosuyla g\u00fcvenilir ve profesyonel \u00e7\u00f6z\u00fcmler sunmaya devam ediyor. Arac\u0131n\u0131z\u0131n g\u00fcvenli\u011fi bizim i\u00e7in \u00f6nemli, bu y\u00fczden her zaman en iyi hizmeti sunmay\u0131 taahh\u00fct ediyoruz.<\/p>\n\n\n\n<h3 class=\"wp-block-heading\">Oto \u00c7ilingir Hizmeti Verdi\u011fimiz Markalar<\/h3>\n\n\n\n<p>Ford oto \u00e7ilingir, Audi oto \u00e7ilingir, Bmw oto \u00e7ilingir, Chevrolet oto \u00e7ilingir, Citroen oto \u00e7ilingir, Dacia oto \u00e7ilingir, DS oto \u00e7ilingir, Fiat oto \u00e7ilingir, Honda oto \u00e7ilingir, Hyundai oto \u00e7ilingir, Iveco oto \u00e7ilingir, Jeep oto \u00e7ilingir, Kia oto \u00e7ilingir, Land Rover oto \u00e7ilingir, Mazda oto \u00e7ilingir, Mercedes oto \u00e7ilingir, Mini oto \u00e7ilingir, Nissan oto \u00e7ilingir, Opel oto \u00e7ilingir, Peugeot oto \u00e7ilingir, Renault oto \u00e7ilingir, Seat oto \u00e7ilingir, Skoda oto \u00e7ilingir, Ssangyong oto \u00e7ilingir, Toyota oto \u00e7ilingir, Volkswagen oto \u00e7ilingir, Volvo oto \u00e7ilingir.<\/p>\n\n\n\n<p><strong>Oto \u00e7ilingir<\/strong>&nbsp;hizmetinin yan\u0131 s\u0131ra; Oto anahtar, Oto kay\u0131p anahtar, Oto yedek anahtar, Oto kontak tamiri, Oto kumanda tamiri, Oto em\u00fclat\u00f6r, Oto immobolizer, Kap\u0131 a\u00e7ma, Kumanda veya anahtar \u00e7o\u011faltma gibi hizmetlerimiz hakk\u0131nda detayl\u0131 bilgi ve fiyat almak i\u00e7in&nbsp;<a href=\"tel:+905067022034\">0506 702 20 34<\/a><strong>&nbsp;<\/strong>numaral\u0131 hatt\u0131m\u0131za&nbsp;<strong>7\/24<\/strong>&nbsp;ula\u015f\u0131m sa\u011flayabilirsiniz<\/p>\n\n\n\n<h3 class=\"wp-block-heading\">Oto \u00c7ilingir Hizmet B\u00f6lgelerimiz<\/h3>\n\n\n\n<p>Oto \u00e7ilingir hizmetlerimiz, geni\u015f bir servis a\u011f\u0131 ile Giresun ve Ordu\u2019nun bir\u00e7ok b\u00f6lgesinde kesintisiz olarak sunulmaktad\u0131r. Bir\u00e7ok semt ve mahallede 7\/24 hizmet vererek, ara\u00e7 sahiplerinin acil ihtiya\u00e7lar\u0131na h\u0131zl\u0131 \u00e7\u00f6z\u00fcmler getiriyoruz. Firmam\u0131z, Giresun, Ordu,Alt\u0131nordu,kar\u015f\u0131yaka,Bulancak,Piraziz,G\u00fclyal\u0131,Espiye,Ke\u015fap,Tirebolu, gibi merkezi b\u00f6lgelerde profesyonel oto \u00e7ilingir hizmetleri sa\u011flamaktad\u0131r.<\/p>\n\n\n\n<p>Her marka ve model ara\u00e7 i\u00e7in uzman ekibimizle, ara\u00e7 kap\u0131s\u0131 a\u00e7ma, anahtar kopyalama, kaybolan anahtarlar\u0131n yenilenmesi gibi i\u015flemler k\u0131sa s\u00fcrede ve g\u00fcvenilir \u015fekilde yap\u0131lmaktad\u0131r. B\u00f6lgenizdeki oto \u00e7ilingir ekibimiz, h\u0131zl\u0131 m\u00fcdahale ve uygun fiyat garantisi sunarak, arac\u0131n\u0131z\u0131n kilit sorunlar\u0131n\u0131 \u00e7\u00f6zer.<\/p>\n\n\n\n<p>\u0130stanbul genelinde geni\u015f bir hizmet a\u011f\u0131na sahip olan firmam\u0131z, her lokasyona en h\u0131zl\u0131 \u015fekilde ula\u015farak, m\u00fc\u015fteri memnuniyetini en \u00fcst d\u00fczeyde tutmay\u0131 hedefler. Oto \u00e7ilingir ihtiyac\u0131n\u0131z i\u00e7in bize ula\u015farak, b\u00f6lgenizdeki en yak\u0131n servisten h\u0131zl\u0131 destek alabilirsiniz.<\/p>\n\n\n\n<h3 class=\"wp-block-heading\">Oto \u00c7ilingir Fiyatlar\u0131<\/h3>\n\n\n\n<p><strong>Oto \u00e7ilingir fiyatlar\u0131<\/strong>, sunulan hizmetin t\u00fcr\u00fcne ve arac\u0131n modeline g\u00f6re de\u011fi\u015fiklik g\u00f6sterebilir. Ara\u00e7 kap\u0131s\u0131 a\u00e7ma, anahtar kopyalama, immobilizer tamiri gibi farkl\u0131 i\u015flemler i\u00e7in belirlenen \u00fccretler, i\u015fin zorluk derecesine ve kullan\u0131lan ekipmanlara ba\u011fl\u0131 olarak de\u011fi\u015fir. Firmam\u0131z, uygun ve rekabet\u00e7i fiyatlarla kaliteli oto \u00e7ilingir hizmeti sunmaktad\u0131r.<\/p>\n\n\n\n<p>Fiyatland\u0131rma, genellikle ara\u00e7 markas\u0131, modeline, i\u015flem s\u00fcresine ve m\u00fcdahalenin t\u00fcr\u00fcne g\u00f6re belirlenir. \u00d6rne\u011fin, immobilizer tamiri gibi daha teknik ve zaman alan i\u015flemler, standart kilit a\u00e7ma hizmetlerine g\u00f6re daha maliyetlidir. \u00c7ilingir servisimiz, m\u00fc\u015fteri memnuniyetini \u00f6n planda tutarak, b\u00fct\u00e7e dostu \u00e7\u00f6z\u00fcmler sunmakta ve her t\u00fcrl\u00fc oto \u00e7ilingir ihtiyac\u0131n\u0131za profesyonel yakla\u015f\u0131mla hizmet vermektedir.<\/p>\n\n\n\n<p>Hizmetlerimizden yararlanmak ve g\u00fcncel fiyatlar hakk\u0131nda bilgi almak i\u00e7in bizimle ileti\u015fime ge\u00e7ebilir, uygun fiyat garantisiyle g\u00fcvenilir \u00e7\u00f6z\u00fcmlerden faydalanabilirsiniz.<\/p>\n\n\n\n<h4 class=\"wp-block-heading\">Oto \u00c7ilingir \u0130leti\u015fim Numaras\u0131<\/h4>\n\n\n\n<p>Oto \u00e7ilingir hizmetlerimizden yararlanmak ve ara\u00e7 kilit sorunlar\u0131n\u0131za h\u0131zl\u0131 \u00e7\u00f6z\u00fcmler bulmak i\u00e7in bize 7\/24 ula\u015fabilirsiniz. Profesyonel ekibimiz, \u0130Giresun ve Ordu\u2019nun her b\u00f6lgesinde en k\u0131sa s\u00fcrede yan\u0131n\u0131za gelerek, ara\u00e7 kap\u0131s\u0131 a\u00e7ma, anahtar kopyalama ve immobilizer tamiri gibi ihtiya\u00e7lar\u0131n\u0131z\u0131 kar\u015f\u0131lar. G\u00fcvenilir ve kaliteli hizmet anlay\u0131\u015f\u0131m\u0131zla, arac\u0131n\u0131za zarar vermeden en h\u0131zl\u0131 \u015fekilde sorunlar\u0131n\u0131z\u0131 \u00e7\u00f6z\u00fcyoruz.<\/p>\n\n\n\n<p>Oto \u00e7ilingir ileti\u015fim numaram\u0131z&nbsp;<a href=\"tel:+905067022034\">0506 702 20 34<\/a>&nbsp;Acil durumlarda h\u0131zl\u0131 m\u00fcdahale ekibimiz, uygun fiyat garantisiyle hizmetinizde. Bize hemen ula\u015f\u0131n ve arac\u0131n\u0131z\u0131n kilit sorunlar\u0131n\u0131 profesyonel ellerde \u00e7\u00f6z\u00fcn.<\/p>\n","protected":false},"excerpt":{"rendered":"<p>Oto \u00e7ilingir servisimiz, ara\u00e7 kap\u0131 kilit sorunlar\u0131na an\u0131nda \u00e7\u00f6z\u00fcm sunarak 7\/24 profesyonel hizmet sa\u011flamaktad\u0131r. G\u00fcvenilir ve h\u0131zl\u0131 m\u00fcdahale garantisi veriyoruz. 7\/24 Oto \u00c7ilingir Oto \u00e7ilingir&nbsp;firmam\u0131z, ara\u00e7 sahiplerinin kar\u015f\u0131la\u015ft\u0131\u011f\u0131 her t\u00fcrl\u00fc kilit ve anahtar sorunlar\u0131na profesyonel \u00e7\u00f6z\u00fcmler sunmaktad\u0131r. Arac\u0131n\u0131z\u0131n anahtar\u0131n\u0131 kaybetti\u011finizde, kap\u0131da kald\u0131\u011f\u0131n\u0131zda veya anahtar\u0131n\u0131z ara\u00e7 i\u00e7inde kilitli kald\u0131\u011f\u0131nda, h\u0131zl\u0131 ve g\u00fcvenilir hizmetimizle yan\u0131n\u0131zday\u0131z. Uzman ekibimiz, [&hellip;]<\/p>\n","protected":false},"author":1,"featured_media":0,"parent":0,"menu_order":0,"comment_status":"closed","ping_status":"closed","template":"","meta":{"footnotes":""},"class_list":["post-14","page","type-page","status-publish","hentry"],"yoast_head":"<!-- This site is optimized with the Yoast SEO plugin v27.2 - https:\/\/yoast.com\/product\/yoast-seo-wordpress\/ -->\n<title>Oto \u00c7ilingir - Oto &ccedil;ilingir Merkezi 0506 702 20 34<\/title>\n<meta name=\"description\" content=\"Oto \u00c7ilingir Hizmeti Araba anahtar\u0131n\u0131z kaybolduysa veya arac\u0131n\u0131z\u0131n kilidinde sorun ya\u015f\u0131yorsan\u0131z k\u0131sa s\u00fcrede sorununuzu \u00e7\u00f6z\u00fcyoruz.\" \/>\n<meta name=\"robots\" content=\"index, follow, max-snippet:-1, max-image-preview:large, max-video-preview:-1\" \/>\n<link rel=\"canonical\" href=\"http:\/\/orgiotoanahtar.com.tr\/?page_id=14\" \/>\n<meta property=\"og:locale\" content=\"tr_TR\" \/>\n<meta property=\"og:type\" content=\"article\" \/>\n<meta property=\"og:title\" content=\"Oto \u00c7ilingir - Oto &ccedil;ilingir Merkezi 0506 702 20 34\" \/>\n<meta property=\"og:description\" content=\"Oto \u00c7ilingir Hizmeti Araba anahtar\u0131n\u0131z kaybolduysa veya arac\u0131n\u0131z\u0131n kilidinde sorun ya\u015f\u0131yorsan\u0131z k\u0131sa s\u00fcrede sorununuzu \u00e7\u00f6z\u00fcyoruz.\" \/>\n<meta property=\"og:url\" content=\"http:\/\/orgiotoanahtar.com.tr\/?page_id=14\" \/>\n<meta property=\"og:site_name\" content=\"Oto &ccedil;ilingir Merkezi 0506 702 20 34\" \/>\n<meta property=\"article:publisher\" content=\"https:\/\/www.facebook.com\/fatihyagizozdemir?locale=tr_TR\" \/>\n<meta property=\"article:modified_time\" content=\"2025-12-27T18:02:04+00:00\" \/>\n<meta property=\"og:image\" content=\"https:\/\/orgiotoanahtar.com.tr\/wp-content\/uploads\/2025\/12\/otocilingir-4j-scaled.jpg\" \/>\n\t<meta property=\"og:image:width\" content=\"2560\" \/>\n\t<meta property=\"og:image:height\" content=\"933\" \/>\n\t<meta property=\"og:image:type\" content=\"image\/jpeg\" \/>\n<meta name=\"twitter:card\" content=\"summary_large_image\" \/>\n<meta name=\"twitter:label1\" content=\"Tahmini okuma s\u00fcresi\" \/>\n\t<meta name=\"twitter:data1\" content=\"4 dakika\" \/>\n<script type=\"application\/ld+json\" class=\"yoast-schema-graph\">{\"@context\":\"https:\/\/schema.org\",\"@graph\":[{\"@type\":[\"WebPage\",\"CollectionPage\"],\"@id\":\"http:\/\/orgiotoanahtar.com.tr\/?page_id=14\",\"url\":\"http:\/\/orgiotoanahtar.com.tr\/?page_id=14\",\"name\":\"Oto \u00c7ilingir - Oto &ccedil;ilingir Merkezi 0506 702 20 34\",\"isPartOf\":{\"@id\":\"http:\/\/orgiotoanahtar.com.tr\/#website\"},\"primaryImageOfPage\":{\"@id\":\"http:\/\/orgiotoanahtar.com.tr\/?page_id=14#primaryimage\"},\"image\":{\"@id\":\"http:\/\/orgiotoanahtar.com.tr\/?page_id=14#primaryimage\"},\"thumbnailUrl\":\"http:\/\/orgiotoanahtar.com.tr\/wp-content\/uploads\/2025\/12\/otocilingir-4j-1024x373.jpg\",\"datePublished\":\"2025-12-27T13:02:19+00:00\",\"dateModified\":\"2025-12-27T18:02:04+00:00\",\"description\":\"Oto \u00c7ilingir Hizmeti Araba anahtar\u0131n\u0131z kaybolduysa veya arac\u0131n\u0131z\u0131n kilidinde sorun ya\u015f\u0131yorsan\u0131z k\u0131sa s\u00fcrede sorununuzu \u00e7\u00f6z\u00fcyoruz.\",\"breadcrumb\":{\"@id\":\"http:\/\/orgiotoanahtar.com.tr\/?page_id=14#breadcrumb\"},\"inLanguage\":\"tr\"},{\"@type\":\"ImageObject\",\"inLanguage\":\"tr\",\"@id\":\"http:\/\/orgiotoanahtar.com.tr\/?page_id=14#primaryimage\",\"url\":\"https:\/\/orgiotoanahtar.com.tr\/wp-content\/uploads\/2025\/12\/otocilingir-4j-scaled.jpg\",\"contentUrl\":\"https:\/\/orgiotoanahtar.com.tr\/wp-content\/uploads\/2025\/12\/otocilingir-4j-scaled.jpg\",\"width\":2560,\"height\":933},{\"@type\":\"BreadcrumbList\",\"@id\":\"http:\/\/orgiotoanahtar.com.tr\/?page_id=14#breadcrumb\",\"itemListElement\":[{\"@type\":\"ListItem\",\"position\":1,\"name\":\"Anasayfa\",\"item\":\"https:\/\/orgiotoanahtar.com.tr\/\"},{\"@type\":\"ListItem\",\"position\":2,\"name\":\"Oto \u00c7ilingir\"}]},{\"@type\":\"WebSite\",\"@id\":\"http:\/\/orgiotoanahtar.com.tr\/#website\",\"url\":\"http:\/\/orgiotoanahtar.com.tr\/\",\"name\":\"Giresun Ordu Oto \u00e7ilingir Merkezi 0506 702 20 34\",\"description\":\"Oto \u0130mmobilizer Anahtar Merkezi\",\"publisher\":{\"@id\":\"http:\/\/orgiotoanahtar.com.tr\/#organization\"},\"potentialAction\":[{\"@type\":\"SearchAction\",\"target\":{\"@type\":\"EntryPoint\",\"urlTemplate\":\"http:\/\/orgiotoanahtar.com.tr\/?s={search_term_string}\"},\"query-input\":{\"@type\":\"PropertyValueSpecification\",\"valueRequired\":true,\"valueName\":\"search_term_string\"}}],\"inLanguage\":\"tr\"},{\"@type\":\"Organization\",\"@id\":\"http:\/\/orgiotoanahtar.com.tr\/#organization\",\"name\":\"Oto \u00e7ilingir Merkezi 0506 702 20 34\",\"url\":\"http:\/\/orgiotoanahtar.com.tr\/\",\"logo\":{\"@type\":\"ImageObject\",\"inLanguage\":\"tr\",\"@id\":\"http:\/\/orgiotoanahtar.com.tr\/#\/schema\/logo\/image\/\",\"url\":\"http:\/\/orgiotoanahtar.com.tr\/wp-content\/uploads\/2025\/12\/unnamed.jpg\",\"contentUrl\":\"http:\/\/orgiotoanahtar.com.tr\/wp-content\/uploads\/2025\/12\/unnamed.jpg\",\"width\":512,\"height\":259,\"caption\":\"Oto \u00e7ilingir Merkezi 0506 702 20 34\"},\"image\":{\"@id\":\"http:\/\/orgiotoanahtar.com.tr\/#\/schema\/logo\/image\/\"},\"sameAs\":[\"https:\/\/www.facebook.com\/fatihyagizozdemir?locale=tr_TR\",\"https:\/\/www.instagram.com\/yagiz_anahtar\/\"]}]}<\/script>\n<!-- \/ Yoast SEO plugin. -->","yoast_head_json":{"title":"Oto \u00c7ilingir - Oto &ccedil;ilingir Merkezi 0506 702 20 34","description":"Oto \u00c7ilingir Hizmeti Araba anahtar\u0131n\u0131z kaybolduysa veya arac\u0131n\u0131z\u0131n kilidinde sorun ya\u015f\u0131yorsan\u0131z k\u0131sa s\u00fcrede sorununuzu \u00e7\u00f6z\u00fcyoruz.","robots":{"index":"index","follow":"follow","max-snippet":"max-snippet:-1","max-image-preview":"max-image-preview:large","max-video-preview":"max-video-preview:-1"},"canonical":"http:\/\/orgiotoanahtar.com.tr\/?page_id=14","og_locale":"tr_TR","og_type":"article","og_title":"Oto \u00c7ilingir - Oto &ccedil;ilingir Merkezi 0506 702 20 34","og_description":"Oto \u00c7ilingir Hizmeti Araba anahtar\u0131n\u0131z kaybolduysa veya arac\u0131n\u0131z\u0131n kilidinde sorun ya\u015f\u0131yorsan\u0131z k\u0131sa s\u00fcrede sorununuzu \u00e7\u00f6z\u00fcyoruz.","og_url":"http:\/\/orgiotoanahtar.com.tr\/?page_id=14","og_site_name":"Oto &ccedil;ilingir Merkezi 0506 702 20 34","article_publisher":"https:\/\/www.facebook.com\/fatihyagizozdemir?locale=tr_TR","article_modified_time":"2025-12-27T18:02:04+00:00","og_image":[{"width":2560,"height":933,"url":"https:\/\/orgiotoanahtar.com.tr\/wp-content\/uploads\/2025\/12\/otocilingir-4j-scaled.jpg","type":"image\/jpeg"}],"twitter_card":"summary_large_image","twitter_misc":{"Tahmini okuma s\u00fcresi":"4 dakika"},"schema":{"@context":"https:\/\/schema.org","@graph":[{"@type":["WebPage","CollectionPage"],"@id":"http:\/\/orgiotoanahtar.com.tr\/?page_id=14","url":"http:\/\/orgiotoanahtar.com.tr\/?page_id=14","name":"Oto \u00c7ilingir - Oto &ccedil;ilingir Merkezi 0506 702 20 34","isPartOf":{"@id":"http:\/\/orgiotoanahtar.com.tr\/#website"},"primaryImageOfPage":{"@id":"http:\/\/orgiotoanahtar.com.tr\/?page_id=14#primaryimage"},"image":{"@id":"http:\/\/orgiotoanahtar.com.tr\/?page_id=14#primaryimage"},"thumbnailUrl":"http:\/\/orgiotoanahtar.com.tr\/wp-content\/uploads\/2025\/12\/otocilingir-4j-1024x373.jpg","datePublished":"2025-12-27T13:02:19+00:00","dateModified":"2025-12-27T18:02:04+00:00","description":"Oto \u00c7ilingir Hizmeti Araba anahtar\u0131n\u0131z kaybolduysa veya arac\u0131n\u0131z\u0131n kilidinde sorun ya\u015f\u0131yorsan\u0131z k\u0131sa s\u00fcrede sorununuzu \u00e7\u00f6z\u00fcyoruz.","breadcrumb":{"@id":"http:\/\/orgiotoanahtar.com.tr\/?page_id=14#breadcrumb"},"inLanguage":"tr"},{"@type":"ImageObject","inLanguage":"tr","@id":"http:\/\/orgiotoanahtar.com.tr\/?page_id=14#primaryimage","url":"https:\/\/orgiotoanahtar.com.tr\/wp-content\/uploads\/2025\/12\/otocilingir-4j-scaled.jpg","contentUrl":"https:\/\/orgiotoanahtar.com.tr\/wp-content\/uploads\/2025\/12\/otocilingir-4j-scaled.jpg","width":2560,"height":933},{"@type":"BreadcrumbList","@id":"http:\/\/orgiotoanahtar.com.tr\/?page_id=14#breadcrumb","itemListElement":[{"@type":"ListItem","position":1,"name":"Anasayfa","item":"https:\/\/orgiotoanahtar.com.tr\/"},{"@type":"ListItem","position":2,"name":"Oto \u00c7ilingir"}]},{"@type":"WebSite","@id":"http:\/\/orgiotoanahtar.com.tr\/#website","url":"http:\/\/orgiotoanahtar.com.tr\/","name":"Giresun Ordu Oto \u00e7ilingir Merkezi 0506 702 20 34","description":"Oto \u0130mmobilizer Anahtar Merkezi","publisher":{"@id":"http:\/\/orgiotoanahtar.com.tr\/#organization"},"potentialAction":[{"@type":"SearchAction","target":{"@type":"EntryPoint","urlTemplate":"http:\/\/orgiotoanahtar.com.tr\/?s={search_term_string}"},"query-input":{"@type":"PropertyValueSpecification","valueRequired":true,"valueName":"search_term_string"}}],"inLanguage":"tr"},{"@type":"Organization","@id":"http:\/\/orgiotoanahtar.com.tr\/#organization","name":"Oto \u00e7ilingir Merkezi 0506 702 20 34","url":"http:\/\/orgiotoanahtar.com.tr\/","logo":{"@type":"ImageObject","inLanguage":"tr","@id":"http:\/\/orgiotoanahtar.com.tr\/#\/schema\/logo\/image\/","url":"http:\/\/orgiotoanahtar.com.tr\/wp-content\/uploads\/2025\/12\/unnamed.jpg","contentUrl":"http:\/\/orgiotoanahtar.com.tr\/wp-content\/uploads\/2025\/12\/unnamed.jpg","width":512,"height":259,"caption":"Oto \u00e7ilingir Merkezi 0506 702 20 34"},"image":{"@id":"http:\/\/orgiotoanahtar.com.tr\/#\/schema\/logo\/image\/"},"sameAs":["https:\/\/www.facebook.com\/fatihyagizozdemir?locale=tr_TR","https:\/\/www.instagram.com\/yagiz_anahtar\/"]}]}},"_links":{"self":[{"href":"https:\/\/orgiotoanahtar.com.tr\/index.php?rest_route=\/wp\/v2\/pages\/14","targetHints":{"allow":["GET"]}}],"collection":[{"href":"https:\/\/orgiotoanahtar.com.tr\/index.php?rest_route=\/wp\/v2\/pages"}],"about":[{"href":"https:\/\/orgiotoanahtar.com.tr\/index.php?rest_route=\/wp\/v2\/types\/page"}],"author":[{"embeddable":true,"href":"https:\/\/orgiotoanahtar.com.tr\/index.php?rest_route=\/wp\/v2\/users\/1"}],"replies":[{"embeddable":true,"href":"https:\/\/orgiotoanahtar.com.tr\/index.php?rest_route=%2Fwp%2Fv2%2Fcomments&post=14"}],"version-history":[{"count":3,"href":"https:\/\/orgiotoanahtar.com.tr\/index.php?rest_route=\/wp\/v2\/pages\/14\/revisions"}],"predecessor-version":[{"id":59,"href":"https:\/\/orgiotoanahtar.com.tr\/index.php?rest_route=\/wp\/v2\/pages\/14\/revisions\/59"}],"wp:attachment":[{"href":"https:\/\/orgiotoanahtar.com.tr\/index.php?rest_route=%2Fwp%2Fv2%2Fmedia&parent=14"}],"curies":[{"name":"wp","href":"https:\/\/api.w.org\/{rel}","templated":true}]}}